{"id":14253,"date":"2026-01-08T17:50:30","date_gmt":"2026-01-08T16:50:30","guid":{"rendered":"https:\/\/www.swikly.com\/?page_id=14253"},"modified":"2026-01-09T11:15:19","modified_gmt":"2026-01-09T10:15:19","slug":"swikly-3-swiks-offerts","status":"publish","type":"page","link":"https:\/\/www.swikly.com\/en\/swikly-3-swiks-offerts\/","title":{"rendered":"Swikly - 3 free swiks"},"content":{"rendered":"<div data-elementor-type=\"wp-page\" data-elementor-id=\"14253\" class=\"elementor elementor-14253\" data-elementor-post-type=\"page\">\n\t\t\t\t\t\t<section class=\"elementor-section elementor-top-section elementor-element elementor-element-09dfc5d elementor-section-boxed elementor-section-height-default elementor-section-height-default\" data-id=\"09dfc5d\" data-element_type=\"section\">\n\t\t\t\t\t\t<div class=\"elementor-container elementor-column-gap-default\">\n\t\t\t\t\t<div class=\"elementor-column elementor-col-100 elementor-top-column elementor-element elementor-element-e689473\" data-id=\"e689473\" data-element_type=\"column\">\n\t\t\t<div class=\"elementor-widget-wrap elementor-element-populated\">\n\t\t\t\t\t\t<div class=\"elementor-element elementor-element-5449bcf elementor-widget elementor-widget-text-editor\" data-id=\"5449bcf\" data-element_type=\"widget\" data-widget_type=\"text-editor.default\">\n\t\t\t\t<div class=\"elementor-widget-container\">\n\t\t\t\t\t\t\t<p>We're off! \u2728 Your 3 free deposits will be activated on your account shortly.<br><span style=\"font-size: 19.2px;\">You can start using Swikly now and test all its features, with no obligation.<\/span><\/p>\n<p>Need help getting started? Our team will be happy to help you at any time.&nbsp;<\/p>\t\t\t\t\t\t<\/div>\n\t\t\t\t<\/div>\n\t\t\t\t\t<\/div>\n\t\t<\/div>\n\t\t\t\t\t<\/div>\n\t\t<\/section>\n\t\t\t\t<section class=\"elementor-section elementor-top-section elementor-element elementor-element-c0f3b51 elementor-section-boxed elementor-section-height-default elementor-section-height-default\" data-id=\"c0f3b51\" data-element_type=\"section\" data-settings=\"{&quot;background_background&quot;:&quot;classic&quot;}\">\n\t\t\t\t\t\t<div class=\"elementor-container elementor-column-gap-default\">\n\t\t\t\t\t<div class=\"elementor-column elementor-col-100 elementor-top-column elementor-element elementor-element-35468f2\" data-id=\"35468f2\" data-element_type=\"column\">\n\t\t\t<div class=\"elementor-widget-wrap elementor-element-populated\">\n\t\t\t\t\t\t<div class=\"elementor-element elementor-element-2eb10fb elementor-widget elementor-widget-heading\" data-id=\"2eb10fb\" data-element_type=\"widget\" data-widget_type=\"heading.default\">\n\t\t\t\t<div class=\"elementor-widget-container\">\n\t\t\t<h2 class=\"elementor-heading-title elementor-size-default\">Any questions? <b>Let us guide you<\/b><\/h2>\t\t<\/div>\n\t\t\t\t<\/div>\n\t\t\t\t<section class=\"elementor-section elementor-inner-section elementor-element elementor-element-8f90bb2 elementor-section-content-middle elementor-section-boxed elementor-section-height-default elementor-section-height-default\" data-id=\"8f90bb2\" data-element_type=\"section\">\n\t\t\t\t\t\t<div class=\"elementor-container elementor-column-gap-default\">\n\t\t\t\t\t<div class=\"elementor-column elementor-col-50 elementor-inner-column elementor-element elementor-element-5f491b1\" data-id=\"5f491b1\" data-element_type=\"column\" data-settings=\"{&quot;background_background&quot;:&quot;classic&quot;}\">\n\t\t\t<div class=\"elementor-widget-wrap elementor-element-populated\">\n\t\t\t\t\t\t<div class=\"elementor-element elementor-element-1bf47f4 elementor-view-default elementor-widget elementor-widget-icon\" data-id=\"1bf47f4\" data-element_type=\"widget\" data-widget_type=\"icon.default\">\n\t\t\t\t<div class=\"elementor-widget-container\">\n\t\t\t\t\t<div class=\"elementor-icon-wrapper\">\n\t\t\t<div class=\"elementor-icon\">\n\t\t\t<i aria-hidden=\"true\" class=\"far fa-user-circle\"><\/i>\t\t\t<\/div>\n\t\t<\/div>\n\t\t\t\t<\/div>\n\t\t\t\t<\/div>\n\t\t\t\t<div class=\"elementor-element elementor-element-b01403e elementor-widget elementor-widget-text-editor\" data-id=\"b01403e\" data-element_type=\"widget\" data-widget_type=\"text-editor.default\">\n\t\t\t\t<div class=\"elementor-widget-container\">\n\t\t\t\t\t\t\t<p>Contact our support team<\/p>\t\t\t\t\t\t<\/div>\n\t\t\t\t<\/div>\n\t\t\t\t<div class=\"elementor-element elementor-element-f113e2b elementor-widget elementor-widget-text-editor\" data-id=\"f113e2b\" data-element_type=\"widget\" data-widget_type=\"text-editor.default\">\n\t\t\t\t<div class=\"elementor-widget-container\">\n\t\t\t\t\t\t\t<p><span style=\"background-color: var( --e-global-color-e3488ed );\">By chat,&nbsp;<\/span><a href=\"mailto:support@swikly.com\" target=\"_blank\">mail<\/a><span style=\"background-color: var( --e-global-color-e3488ed );\">&nbsp;or telephone, Swikly has the solution to meet your needs.<\/span><\/p>\t\t\t\t\t\t<\/div>\n\t\t\t\t<\/div>\n\t\t\t\t\t<\/div>\n\t\t<\/div>\n\t\t\t\t<div class=\"elementor-column elementor-col-50 elementor-inner-column elementor-element elementor-element-ec984b5\" data-id=\"ec984b5\" data-element_type=\"column\" data-settings=\"{&quot;background_background&quot;:&quot;classic&quot;}\">\n\t\t\t<div class=\"elementor-widget-wrap elementor-element-populated\">\n\t\t\t\t\t\t<div class=\"elementor-element elementor-element-9c7fab0 elementor-view-default elementor-widget elementor-widget-icon\" data-id=\"9c7fab0\" data-element_type=\"widget\" data-widget_type=\"icon.default\">\n\t\t\t\t<div class=\"elementor-widget-container\">\n\t\t\t\t\t<div class=\"elementor-icon-wrapper\">\n\t\t\t<div class=\"elementor-icon\">\n\t\t\t<i aria-hidden=\"true\" class=\"far fa-question-circle\"><\/i>\t\t\t<\/div>\n\t\t<\/div>\n\t\t\t\t<\/div>\n\t\t\t\t<\/div>\n\t\t\t\t<div class=\"elementor-element elementor-element-17a2a8c elementor-widget elementor-widget-text-editor\" data-id=\"17a2a8c\" data-element_type=\"widget\" data-widget_type=\"text-editor.default\">\n\t\t\t\t<div class=\"elementor-widget-container\">\n\t\t\t\t\t\t\t<p>Our FAQ's<\/p>\t\t\t\t\t\t<\/div>\n\t\t\t\t<\/div>\n\t\t\t\t<div class=\"elementor-element elementor-element-b9bce66 elementor-widget elementor-widget-text-editor\" data-id=\"b9bce66\" data-element_type=\"widget\" data-widget_type=\"text-editor.default\">\n\t\t\t\t<div class=\"elementor-widget-container\">\n\t\t\t\t\t\t\t<p>\u00a0You can\u00a0<a href=\"https:\/\/support.swikly.com\/en\/support\/home\" target=\"_blank\" rel=\"noopener\">consult our FAQs<\/a><span style=\"background-color: var( --e-global-color-e3488ed );\">\u00a0and learn all about our service!<\/span><\/p>\t\t\t\t\t\t<\/div>\n\t\t\t\t<\/div>\n\t\t\t\t\t<\/div>\n\t\t<\/div>\n\t\t\t\t\t<\/div>\n\t\t<\/section>\n\t\t\t\t\t<\/div>\n\t\t<\/div>\n\t\t\t\t\t<\/div>\n\t\t<\/section>\n\t\t\t\t<\/div>","protected":false},"excerpt":{"rendered":"<p>We're off! \u2728 Your 3 free deposits will be activated on your account shortly.You can use Swikly now and test all the features, with no commitment. Need help getting started? Our team remains at your disposal at any time.  Do you have any questions? Contact our support team By chat, email or telephone, Swikly has the solution [...]<\/p>","protected":false},"author":1,"featured_media":3557,"parent":0,"menu_order":0,"comment_status":"closed","ping_status":"closed","template":"","meta":{"content-type":"","_mo_disable_npp":"","_monsterinsights_skip_tracking":false,"_monsterinsights_sitenote_active":false,"_monsterinsights_sitenote_note":"","_monsterinsights_sitenote_category":0,"footnotes":""},"class_list":["post-14253","page","type-page","status-publish","has-post-thumbnail","hentry"],"yoast_head":"<!-- This site is optimized with the Yoast SEO plugin v24.6 - https:\/\/yoast.com\/wordpress\/plugins\/seo\/ -->\n<title>Swikly - 3 swiks offerts - Swikly<\/title>\n<meta name=\"robots\" content=\"index, follow, max-snippet:-1, max-image-preview:large, max-video-preview:-1\" \/>\n<link rel=\"canonical\" href=\"https:\/\/www.swikly.com\/en\/swikly-3-swiks-offerts\/\" \/>\n<meta property=\"og:locale\" content=\"en_GB\" \/>\n<meta property=\"og:type\" content=\"article\" \/>\n<meta property=\"og:title\" content=\"Swikly - 3 swiks offerts - Swikly\" \/>\n<meta property=\"og:description\" content=\"C&rsquo;est parti !&nbsp;\u2728 Vos 3 cautions offertes seront activ\u00e9es sur votre compte sous peu.Vous pouvez d\u00e8s maintenant utiliser Swikly et tester toutes les fonctionnalit\u00e9s, sans engagement. Besoin d\u2019aide pour d\u00e9marrer ? Notre \u00e9quipe reste \u00e0 votre disposition \u00e0 tout moment.&nbsp; Des questions ? Laissez-vous guider Contactez notre support Par tchat,&nbsp;mail&nbsp;ou t\u00e9l\u00e9phone, Swikly a la solution [&hellip;]\" \/>\n<meta property=\"og:url\" content=\"https:\/\/www.swikly.com\/en\/swikly-3-swiks-offerts\/\" \/>\n<meta property=\"og:site_name\" content=\"Swikly\" \/>\n<meta property=\"article:publisher\" content=\"https:\/\/www.facebook.com\/swikly\/\" \/>\n<meta property=\"article:modified_time\" content=\"2026-01-09T10:15:19+00:00\" \/>\n<meta property=\"og:image\" content=\"https:\/\/swiklywpstorage.blob.core.windows.net\/wp-media\/2021\/01\/previews-hero.png\" \/>\n\t<meta property=\"og:image:width\" content=\"1200\" \/>\n\t<meta property=\"og:image:height\" content=\"628\" \/>\n\t<meta property=\"og:image:type\" content=\"image\/png\" \/>\n<meta name=\"twitter:card\" content=\"summary_large_image\" \/>\n<meta name=\"twitter:site\" content=\"@swikly_company\" \/>\n<meta name=\"twitter:label1\" content=\"Estimated reading time\" \/>\n\t<meta name=\"twitter:data1\" content=\"1 minute\" \/>\n<script type=\"application\/ld+json\" class=\"yoast-schema-graph\">{\"@context\":\"https:\/\/schema.org\",\"@graph\":[{\"@type\":\"WebPage\",\"@id\":\"https:\/\/www.swikly.com\/swikly-3-swiks-offerts\/\",\"url\":\"https:\/\/www.swikly.com\/swikly-3-swiks-offerts\/\",\"name\":\"Swikly - 3 swiks offerts - Swikly\",\"isPartOf\":{\"@id\":\"https:\/\/www.swikly.com\/#website\"},\"primaryImageOfPage\":{\"@id\":\"https:\/\/www.swikly.com\/swikly-3-swiks-offerts\/#primaryimage\"},\"image\":{\"@id\":\"https:\/\/www.swikly.com\/swikly-3-swiks-offerts\/#primaryimage\"},\"thumbnailUrl\":\"https:\/\/swiklywpstorage.blob.core.windows.net\/wp-media\/2021\/01\/previews-hero.png\",\"datePublished\":\"2026-01-08T16:50:30+00:00\",\"dateModified\":\"2026-01-09T10:15:19+00:00\",\"breadcrumb\":{\"@id\":\"https:\/\/www.swikly.com\/swikly-3-swiks-offerts\/#breadcrumb\"},\"inLanguage\":\"en-GB\",\"potentialAction\":[{\"@type\":\"ReadAction\",\"target\":[\"https:\/\/www.swikly.com\/swikly-3-swiks-offerts\/\"]}]},{\"@type\":\"ImageObject\",\"inLanguage\":\"en-GB\",\"@id\":\"https:\/\/www.swikly.com\/swikly-3-swiks-offerts\/#primaryimage\",\"url\":\"https:\/\/swiklywpstorage.blob.core.windows.net\/wp-media\/2021\/01\/previews-hero.png\",\"contentUrl\":\"https:\/\/swiklywpstorage.blob.core.windows.net\/wp-media\/2021\/01\/previews-hero.png\",\"width\":1200,\"height\":628},{\"@type\":\"BreadcrumbList\",\"@id\":\"https:\/\/www.swikly.com\/swikly-3-swiks-offerts\/#breadcrumb\",\"itemListElement\":[{\"@type\":\"ListItem\",\"position\":1,\"name\":\"Accueil\",\"item\":\"https:\/\/www.swikly.com\/\"},{\"@type\":\"ListItem\",\"position\":2,\"name\":\"Swikly &#8211; 3 swiks offerts\"}]},{\"@type\":\"WebSite\",\"@id\":\"https:\/\/www.swikly.com\/#website\",\"url\":\"https:\/\/www.swikly.com\/\",\"name\":\"Swikly\",\"description\":\"La solution pour vos cautions, en ligne !\",\"publisher\":{\"@id\":\"https:\/\/www.swikly.com\/#organization\"},\"potentialAction\":[{\"@type\":\"SearchAction\",\"target\":{\"@type\":\"EntryPoint\",\"urlTemplate\":\"https:\/\/www.swikly.com\/?s={search_term_string}\"},\"query-input\":{\"@type\":\"PropertyValueSpecification\",\"valueRequired\":true,\"valueName\":\"search_term_string\"}}],\"inLanguage\":\"en-GB\"},{\"@type\":\"Organization\",\"@id\":\"https:\/\/www.swikly.com\/#organization\",\"name\":\"Swikly\",\"url\":\"https:\/\/www.swikly.com\/\",\"logo\":{\"@type\":\"ImageObject\",\"inLanguage\":\"en-GB\",\"@id\":\"https:\/\/www.swikly.com\/#\/schema\/logo\/image\/\",\"url\":\"https:\/\/www.swikly.com\/wp-content\/uploads\/2020\/02\/cropped-logo-swikly.png\",\"contentUrl\":\"https:\/\/www.swikly.com\/wp-content\/uploads\/2020\/02\/cropped-logo-swikly.png\",\"width\":1574,\"height\":250,\"caption\":\"Swikly\"},\"image\":{\"@id\":\"https:\/\/www.swikly.com\/#\/schema\/logo\/image\/\"},\"sameAs\":[\"https:\/\/www.facebook.com\/swikly\/\",\"https:\/\/x.com\/swikly_company\",\"https:\/\/www.linkedin.com\/company\/swikly\/\"]}]}<\/script>\n<!-- \/ Yoast SEO plugin. -->","yoast_head_json":{"title":"Swikly - 3 swiks offerts - Swikly","robots":{"index":"index","follow":"follow","max-snippet":"max-snippet:-1","max-image-preview":"max-image-preview:large","max-video-preview":"max-video-preview:-1"},"canonical":"https:\/\/www.swikly.com\/en\/swikly-3-swiks-offerts\/","og_locale":"en_GB","og_type":"article","og_title":"Swikly - 3 swiks offerts - Swikly","og_description":"C&rsquo;est parti !&nbsp;\u2728 Vos 3 cautions offertes seront activ\u00e9es sur votre compte sous peu.Vous pouvez d\u00e8s maintenant utiliser Swikly et tester toutes les fonctionnalit\u00e9s, sans engagement. Besoin d\u2019aide pour d\u00e9marrer ? Notre \u00e9quipe reste \u00e0 votre disposition \u00e0 tout moment.&nbsp; Des questions ? Laissez-vous guider Contactez notre support Par tchat,&nbsp;mail&nbsp;ou t\u00e9l\u00e9phone, Swikly a la solution [&hellip;]","og_url":"https:\/\/www.swikly.com\/en\/swikly-3-swiks-offerts\/","og_site_name":"Swikly","article_publisher":"https:\/\/www.facebook.com\/swikly\/","article_modified_time":"2026-01-09T10:15:19+00:00","og_image":[{"width":1200,"height":628,"url":"https:\/\/swiklywpstorage.blob.core.windows.net\/wp-media\/2021\/01\/previews-hero.png","type":"image\/png"}],"twitter_card":"summary_large_image","twitter_site":"@swikly_company","twitter_misc":{"Estimated reading time":"1 minute"},"schema":{"@context":"https:\/\/schema.org","@graph":[{"@type":"WebPage","@id":"https:\/\/www.swikly.com\/swikly-3-swiks-offerts\/","url":"https:\/\/www.swikly.com\/swikly-3-swiks-offerts\/","name":"Swikly - 3 swiks offerts - Swikly","isPartOf":{"@id":"https:\/\/www.swikly.com\/#website"},"primaryImageOfPage":{"@id":"https:\/\/www.swikly.com\/swikly-3-swiks-offerts\/#primaryimage"},"image":{"@id":"https:\/\/www.swikly.com\/swikly-3-swiks-offerts\/#primaryimage"},"thumbnailUrl":"https:\/\/swiklywpstorage.blob.core.windows.net\/wp-media\/2021\/01\/previews-hero.png","datePublished":"2026-01-08T16:50:30+00:00","dateModified":"2026-01-09T10:15:19+00:00","breadcrumb":{"@id":"https:\/\/www.swikly.com\/swikly-3-swiks-offerts\/#breadcrumb"},"inLanguage":"en-GB","potentialAction":[{"@type":"ReadAction","target":["https:\/\/www.swikly.com\/swikly-3-swiks-offerts\/"]}]},{"@type":"ImageObject","inLanguage":"en-GB","@id":"https:\/\/www.swikly.com\/swikly-3-swiks-offerts\/#primaryimage","url":"https:\/\/swiklywpstorage.blob.core.windows.net\/wp-media\/2021\/01\/previews-hero.png","contentUrl":"https:\/\/swiklywpstorage.blob.core.windows.net\/wp-media\/2021\/01\/previews-hero.png","width":1200,"height":628},{"@type":"BreadcrumbList","@id":"https:\/\/www.swikly.com\/swikly-3-swiks-offerts\/#breadcrumb","itemListElement":[{"@type":"ListItem","position":1,"name":"Accueil","item":"https:\/\/www.swikly.com\/"},{"@type":"ListItem","position":2,"name":"Swikly &#8211; 3 swiks offerts"}]},{"@type":"WebSite","@id":"https:\/\/www.swikly.com\/#website","url":"https:\/\/www.swikly.com\/","name":"Swikly","description":"La solution pour vos cautions, en ligne !","publisher":{"@id":"https:\/\/www.swikly.com\/#organization"},"potentialAction":[{"@type":"SearchAction","target":{"@type":"EntryPoint","urlTemplate":"https:\/\/www.swikly.com\/?s={search_term_string}"},"query-input":{"@type":"PropertyValueSpecification","valueRequired":true,"valueName":"search_term_string"}}],"inLanguage":"en-GB"},{"@type":"Organization","@id":"https:\/\/www.swikly.com\/#organization","name":"Swikly","url":"https:\/\/www.swikly.com\/","logo":{"@type":"ImageObject","inLanguage":"en-GB","@id":"https:\/\/www.swikly.com\/#\/schema\/logo\/image\/","url":"https:\/\/www.swikly.com\/wp-content\/uploads\/2020\/02\/cropped-logo-swikly.png","contentUrl":"https:\/\/www.swikly.com\/wp-content\/uploads\/2020\/02\/cropped-logo-swikly.png","width":1574,"height":250,"caption":"Swikly"},"image":{"@id":"https:\/\/www.swikly.com\/#\/schema\/logo\/image\/"},"sameAs":["https:\/\/www.facebook.com\/swikly\/","https:\/\/x.com\/swikly_company","https:\/\/www.linkedin.com\/company\/swikly\/"]}]}},"_links":{"self":[{"href":"https:\/\/www.swikly.com\/en\/wp-json\/wp\/v2\/pages\/14253"}],"collection":[{"href":"https:\/\/www.swikly.com\/en\/wp-json\/wp\/v2\/pages"}],"about":[{"href":"https:\/\/www.swikly.com\/en\/wp-json\/wp\/v2\/types\/page"}],"author":[{"embeddable":true,"href":"https:\/\/www.swikly.com\/en\/wp-json\/wp\/v2\/users\/1"}],"replies":[{"embeddable":true,"href":"https:\/\/www.swikly.com\/en\/wp-json\/wp\/v2\/comments?post=14253"}],"version-history":[{"count":10,"href":"https:\/\/www.swikly.com\/en\/wp-json\/wp\/v2\/pages\/14253\/revisions"}],"predecessor-version":[{"id":14264,"href":"https:\/\/www.swikly.com\/en\/wp-json\/wp\/v2\/pages\/14253\/revisions\/14264"}],"wp:featuredmedia":[{"embeddable":true,"href":"https:\/\/www.swikly.com\/en\/wp-json\/wp\/v2\/media\/3557"}],"wp:attachment":[{"href":"https:\/\/www.swikly.com\/en\/wp-json\/wp\/v2\/media?parent=14253"}],"curies":[{"name":"wp","href":"https:\/\/api.w.org\/{rel}","templated":true}]}}