{"id":9368,"date":"2024-01-11T14:16:22","date_gmt":"2024-01-11T13:16:22","guid":{"rendered":"https:\/\/www.swikly.com\/?page_id=9368"},"modified":"2024-11-18T17:29:56","modified_gmt":"2024-11-18T16:29:56","slug":"nos-partenaires-yaago","status":"publish","type":"page","link":"https:\/\/www.swikly.com\/en\/partners\/our-partners-yaago\/","title":{"rendered":"Our partners - Yaago"},"content":{"rendered":"<div data-elementor-type=\"wp-page\" data-elementor-id=\"9368\" class=\"elementor elementor-9368\" data-elementor-post-type=\"page\">\n\t\t\t\t\t\t<section class=\"elementor-section elementor-top-section elementor-element elementor-element-feb92f8 elementor-section-full_width elementor-section-height-default elementor-section-height-default\" data-id=\"feb92f8\" data-element_type=\"section\" data-settings=\"{&quot;background_background&quot;:&quot;classic&quot;}\">\n\t\t\t\t\t\t<div class=\"elementor-container elementor-column-gap-default\">\n\t\t\t\t\t<div class=\"elementor-column elementor-col-100 elementor-top-column elementor-element elementor-element-933f298\" data-id=\"933f298\" data-element_type=\"column\">\n\t\t\t<div class=\"elementor-widget-wrap elementor-element-populated\">\n\t\t\t\t\t\t<div class=\"elementor-element elementor-element-ab7038c elementor-widget elementor-widget-template\" data-id=\"ab7038c\" data-element_type=\"widget\" data-widget_type=\"template.default\">\n\t\t\t\t<div class=\"elementor-widget-container\">\n\t\t\t\t\t<div class=\"elementor-template\">\n\t\t\t\t\t<div data-elementor-type=\"section\" data-elementor-id=\"9104\" class=\"elementor elementor-9104\" data-elementor-post-type=\"elementor_library\">\n\t\t\t\t\t<section class=\"elementor-section elementor-top-section elementor-element elementor-element-7447bc7 elementor-section-height-min-height elementor-section-boxed elementor-section-height-default elementor-section-items-middle\" data-id=\"7447bc7\" data-element_type=\"section\" data-settings=\"{&quot;background_background&quot;:&quot;classic&quot;}\">\n\t\t\t\t\t\t<div class=\"elementor-container elementor-column-gap-default\">\n\t\t\t\t\t<div class=\"elementor-column elementor-col-50 elementor-top-column elementor-element elementor-element-d77f3c1\" data-id=\"d77f3c1\" data-element_type=\"column\">\n\t\t\t<div class=\"elementor-widget-wrap elementor-element-populated\">\n\t\t\t\t\t\t<div class=\"elementor-element elementor-element-ae63721 elementor-widget elementor-widget-heading\" data-id=\"ae63721\" data-element_type=\"widget\" data-widget_type=\"heading.default\">\n\t\t\t\t<div class=\"elementor-widget-container\">\n\t\t\t<h1 class=\"elementor-heading-title elementor-size-default\">Swikly connects <b>to your tools<\/b><\/h1>\t\t<\/div>\n\t\t\t\t<\/div>\n\t\t\t\t<div class=\"elementor-element elementor-element-ba9aa98 elementor-widget elementor-widget-heading\" data-id=\"ba9aa98\" data-element_type=\"widget\" data-widget_type=\"heading.default\">\n\t\t\t\t<div class=\"elementor-widget-container\">\n\t\t\t<p class=\"elementor-heading-title elementor-size-default\">Are you using a PMS, channel manager or ERP? <br><br>Find out into which tools Swikly is integrated to automate your security deposit requests!<\/p>\t\t<\/div>\n\t\t\t\t<\/div>\n\t\t\t\t<div class=\"elementor-element elementor-element-e8f5cff elementor-align-left elementor-mobile-align-justify elementor-widget-mobile__width-inherit elementor-widget__width-auto elementor-widget elementor-widget-button\" data-id=\"e8f5cff\" data-element_type=\"widget\" data-widget_type=\"button.default\">\n\t\t\t\t<div class=\"elementor-widget-container\">\n\t\t\t\t\t<div class=\"elementor-button-wrapper\">\n\t\t\t<a class=\"elementor-button elementor-button-link elementor-size-md\" href=\"https:\/\/app.swikly.com\/views\/signup.php?lang=en\" target=\"_blank\">\n\t\t\t\t\t\t<span class=\"elementor-button-content-wrapper\">\n\t\t\t\t\t\t\t\t\t<span class=\"elementor-button-text\">Open a free account<\/span>\n\t\t\t\t\t<\/span>\n\t\t\t\t\t<\/a>\n\t\t<\/div>\n\t\t\t\t<\/div>\n\t\t\t\t<\/div>\n\t\t\t\t<div class=\"elementor-element elementor-element-cbf1ef3 elementor-align-left elementor-mobile-align-justify elementor-widget-mobile__width-inherit elementor-widget__width-auto elementor-widget elementor-widget-button\" data-id=\"cbf1ef3\" data-element_type=\"widget\" data-widget_type=\"button.default\">\n\t\t\t\t<div class=\"elementor-widget-container\">\n\t\t\t\t\t<div class=\"elementor-button-wrapper\">\n\t\t\t<a class=\"elementor-button elementor-button-link elementor-size-md\" href=\"https:\/\/www.swikly.com\/en\/contact\/?campaign=\">\n\t\t\t\t\t\t<span class=\"elementor-button-content-wrapper\">\n\t\t\t\t\t\t\t\t\t<span class=\"elementor-button-text\">Contact the sales team<\/span>\n\t\t\t\t\t<\/span>\n\t\t\t\t\t<\/a>\n\t\t<\/div>\n\t\t\t\t<\/div>\n\t\t\t\t<\/div>\n\t\t\t\t\t<\/div>\n\t\t<\/div>\n\t\t\t\t<div class=\"elementor-column elementor-col-50 elementor-top-column elementor-element elementor-element-2ecf2c1\" data-id=\"2ecf2c1\" data-element_type=\"column\">\n\t\t\t<div class=\"elementor-widget-wrap elementor-element-populated\">\n\t\t\t\t\t\t<div class=\"elementor-element elementor-element-a8f95de elementor-widget elementor-widget-image\" data-id=\"a8f95de\" data-element_type=\"widget\" data-widget_type=\"image.default\">\n\t\t\t\t<div class=\"elementor-widget-container\">\n\t\t\t\t\t\t\t\t\t\t\t\t\t<img decoding=\"async\" src=\"https:\/\/swiklywpstorage.blob.core.windows.net\/wp-media\/2024\/04\/Design-sans-titre-2-1.gif\" title=\"Swikly integration partners\" alt=\"swikly integrations\" loading=\"lazy\" \/>\t\t\t\t\t\t\t\t\t\t\t\t\t<\/div>\n\t\t\t\t<\/div>\n\t\t\t\t\t<\/div>\n\t\t<\/div>\n\t\t\t\t\t<\/div>\n\t\t<\/section>\n\t\t\t\t<\/div>\n\t\t\t\t<\/div>\n\t\t\t\t<\/div>\n\t\t\t\t<\/div>\n\t\t\t\t\t<\/div>\n\t\t<\/div>\n\t\t\t\t\t<\/div>\n\t\t<\/section>\n\t\t\t\t<section class=\"elementor-section elementor-top-section elementor-element elementor-element-e599cfd elementor-section-height-min-height elementor-section-boxed elementor-section-height-default elementor-section-items-middle\" data-id=\"e599cfd\" data-element_type=\"section\">\n\t\t\t\t\t\t<div class=\"elementor-container elementor-column-gap-wider\">\n\t\t\t\t\t<div class=\"elementor-column elementor-col-50 elementor-top-column elementor-element elementor-element-8fb49d6\" data-id=\"8fb49d6\" data-element_type=\"column\">\n\t\t\t<div class=\"elementor-widget-wrap elementor-element-populated\">\n\t\t\t\t\t\t<div class=\"elementor-element elementor-element-531f7c1 elementor-widget elementor-widget-image\" data-id=\"531f7c1\" data-element_type=\"widget\" data-widget_type=\"image.default\">\n\t\t\t\t<div class=\"elementor-widget-container\">\n\t\t\t\t\t\t\t\t\t\t\t\t\t<img fetchpriority=\"high\" decoding=\"async\" width=\"704\" height=\"193\" src=\"https:\/\/swiklywpstorage.blob.core.windows.net\/wp-media\/2023\/11\/Yaago.svg\" class=\"attachment-large size-large wp-image-8600\" alt=\"Yaago logo\" \/>\t\t\t\t\t\t\t\t\t\t\t\t\t<\/div>\n\t\t\t\t<\/div>\n\t\t\t\t\t<\/div>\n\t\t<\/div>\n\t\t\t\t<div class=\"elementor-column elementor-col-50 elementor-top-column elementor-element elementor-element-43405e6\" data-id=\"43405e6\" data-element_type=\"column\">\n\t\t\t<div class=\"elementor-widget-wrap elementor-element-populated\">\n\t\t\t\t\t\t<div class=\"elementor-element elementor-element-ab48c34 elementor-widget elementor-widget-heading\" data-id=\"ab48c34\" data-element_type=\"widget\" data-widget_type=\"heading.default\">\n\t\t\t\t<div class=\"elementor-widget-container\">\n\t\t\t<h2 class=\"elementor-heading-title elementor-size-default\">Yaago<\/h2>\t\t<\/div>\n\t\t\t\t<\/div>\n\t\t\t\t<div class=\"elementor-element elementor-element-dd95901 elementor-widget elementor-widget-text-editor\" data-id=\"dd95901\" data-element_type=\"widget\" data-widget_type=\"text-editor.default\">\n\t\t\t\t<div class=\"elementor-widget-container\">\n\t\t\t\t\t\t\t<p>Whether you're a concierge, a vacation rental agency or a property manager, Yaago can support you in the post-booking phase, optimizing your internal management of reception preparation and improving the customer experience.<\/p><p>Yaago helps you optimize the operational management of your business thanks to its wide range of functions, offering you considerable convenience and revolutionizing the experience of your travelers.<\/p>\t\t\t\t\t\t<\/div>\n\t\t\t\t<\/div>\n\t\t\t\t<div class=\"elementor-element elementor-element-26d9444 elementor-align-center elementor-widget__width-auto elementor-mobile-align-justify elementor-widget-mobile__width-inherit elementor-widget elementor-widget-button\" data-id=\"26d9444\" data-element_type=\"widget\" data-widget_type=\"button.default\">\n\t\t\t\t<div class=\"elementor-widget-container\">\n\t\t\t\t\t<div class=\"elementor-button-wrapper\">\n\t\t\t<a class=\"elementor-button elementor-button-link elementor-size-md\" href=\"https:\/\/www.swikly.com\/en\/contact\/?campaign=\">\n\t\t\t\t\t\t<span class=\"elementor-button-content-wrapper\">\n\t\t\t\t\t\t\t\t\t<span class=\"elementor-button-text\">Book a demo<\/span>\n\t\t\t\t\t<\/span>\n\t\t\t\t\t<\/a>\n\t\t<\/div>\n\t\t\t\t<\/div>\n\t\t\t\t<\/div>\n\t\t\t\t<div class=\"elementor-element elementor-element-f7c4e0e elementor-align-center elementor-widget__width-auto elementor-mobile-align-justify elementor-widget-mobile__width-inherit elementor-widget elementor-widget-button\" data-id=\"f7c4e0e\" data-element_type=\"widget\" data-widget_type=\"button.default\">\n\t\t\t\t<div class=\"elementor-widget-container\">\n\t\t\t\t\t<div class=\"elementor-button-wrapper\">\n\t\t\t<a class=\"elementor-button elementor-button-link elementor-size-md\" href=\"https:\/\/www.yaago.com\/\">\n\t\t\t\t\t\t<span class=\"elementor-button-content-wrapper\">\n\t\t\t\t\t\t\t\t\t<span class=\"elementor-button-text\">Visit the partner's website<\/span>\n\t\t\t\t\t<\/span>\n\t\t\t\t\t<\/a>\n\t\t<\/div>\n\t\t\t\t<\/div>\n\t\t\t\t<\/div>\n\t\t\t\t\t<\/div>\n\t\t<\/div>\n\t\t\t\t\t<\/div>\n\t\t<\/section>\n\t\t\t\t<\/div>","protected":false},"excerpt":{"rendered":"<p>Yaago Whether you're a concierge, a vacation rental agency or a property manager, Yaago supports you in the post-booking phase by optimizing your internal management of reception preparation and improving the customer experience. Yaago lets you optimize the operational management of your business thanks to its many functions, and offers you a [...]<\/p>","protected":false},"author":990018,"featured_media":0,"parent":5477,"menu_order":0,"comment_status":"closed","ping_status":"closed","template":"","meta":{"content-type":"","_mo_disable_npp":"","_monsterinsights_skip_tracking":false,"_monsterinsights_sitenote_active":false,"_monsterinsights_sitenote_note":"","_monsterinsights_sitenote_category":0,"footnotes":""},"class_list":["post-9368","page","type-page","status-publish","hentry"],"yoast_head":"<!-- This site is optimized with the Yoast SEO plugin v24.6 - https:\/\/yoast.com\/wordpress\/plugins\/seo\/ -->\n<title>Nos Partenaires - Yaago - Swikly<\/title>\n<meta name=\"robots\" content=\"index, follow, max-snippet:-1, max-image-preview:large, max-video-preview:-1\" \/>\n<link rel=\"canonical\" href=\"https:\/\/www.swikly.com\/en\/partners\/our-partners-yaago\/\" \/>\n<meta property=\"og:locale\" content=\"en_GB\" \/>\n<meta property=\"og:type\" content=\"article\" \/>\n<meta property=\"og:title\" content=\"Nos Partenaires - Yaago - Swikly\" \/>\n<meta property=\"og:description\" content=\"Yaago Que vous soyez une conciergerie, une agence de location saisonni\u00e8re ou un Property Manager, Yaago vous accompagne dans l\u2019apr\u00e8s-r\u00e9servation en optimisant votre gestion interne lors de la pr\u00e9paration de l\u2019accueil et en am\u00e9liorant l\u2019exp\u00e9rience client. Yaago vous permet d\u2019optimiser la gestion op\u00e9rationnelle de votre activit\u00e9 gr\u00e2ce \u00e0 ses nombreuses fonctionnalit\u00e9s, vous offre un confort [&hellip;]\" \/>\n<meta property=\"og:url\" content=\"https:\/\/www.swikly.com\/en\/partners\/our-partners-yaago\/\" \/>\n<meta property=\"og:site_name\" content=\"Swikly\" \/>\n<meta property=\"article:publisher\" content=\"https:\/\/www.facebook.com\/swikly\/\" \/>\n<meta property=\"article:modified_time\" content=\"2024-11-18T16:29:56+00:00\" \/>\n<meta property=\"og:image\" content=\"https:\/\/swiklywpstorage.blob.core.windows.net\/wp-media\/2023\/11\/Yaago.svg\" \/>\n<meta name=\"twitter:card\" content=\"summary_large_image\" \/>\n<meta name=\"twitter:site\" content=\"@swikly_company\" \/>\n<meta name=\"twitter:label1\" content=\"Estimated reading time\" \/>\n\t<meta name=\"twitter:data1\" content=\"2 minutes\" \/>\n<script type=\"application\/ld+json\" class=\"yoast-schema-graph\">{\"@context\":\"https:\/\/schema.org\",\"@graph\":[{\"@type\":\"WebPage\",\"@id\":\"https:\/\/www.swikly.com\/partenaires\/nos-partenaires-yaago\/\",\"url\":\"https:\/\/www.swikly.com\/partenaires\/nos-partenaires-yaago\/\",\"name\":\"Nos Partenaires - Yaago - Swikly\",\"isPartOf\":{\"@id\":\"https:\/\/www.swikly.com\/#website\"},\"primaryImageOfPage\":{\"@id\":\"https:\/\/www.swikly.com\/partenaires\/nos-partenaires-yaago\/#primaryimage\"},\"image\":{\"@id\":\"https:\/\/www.swikly.com\/partenaires\/nos-partenaires-yaago\/#primaryimage\"},\"thumbnailUrl\":\"https:\/\/swiklywpstorage.blob.core.windows.net\/wp-media\/2023\/11\/Yaago.svg\",\"datePublished\":\"2024-01-11T13:16:22+00:00\",\"dateModified\":\"2024-11-18T16:29:56+00:00\",\"breadcrumb\":{\"@id\":\"https:\/\/www.swikly.com\/partenaires\/nos-partenaires-yaago\/#breadcrumb\"},\"inLanguage\":\"en-GB\",\"potentialAction\":[{\"@type\":\"ReadAction\",\"target\":[\"https:\/\/www.swikly.com\/partenaires\/nos-partenaires-yaago\/\"]}]},{\"@type\":\"ImageObject\",\"inLanguage\":\"en-GB\",\"@id\":\"https:\/\/www.swikly.com\/partenaires\/nos-partenaires-yaago\/#primaryimage\",\"url\":\"https:\/\/swiklywpstorage.blob.core.windows.net\/wp-media\/2023\/11\/Yaago.svg\",\"contentUrl\":\"https:\/\/swiklywpstorage.blob.core.windows.net\/wp-media\/2023\/11\/Yaago.svg\"},{\"@type\":\"BreadcrumbList\",\"@id\":\"https:\/\/www.swikly.com\/partenaires\/nos-partenaires-yaago\/#breadcrumb\",\"itemListElement\":[{\"@type\":\"ListItem\",\"position\":1,\"name\":\"Accueil\",\"item\":\"https:\/\/www.swikly.com\/\"},{\"@type\":\"ListItem\",\"position\":2,\"name\":\"Partenaires\",\"item\":\"https:\/\/www.swikly.com\/partenaires\/\"},{\"@type\":\"ListItem\",\"position\":3,\"name\":\"Nos Partenaires &#8211; Yaago\"}]},{\"@type\":\"WebSite\",\"@id\":\"https:\/\/www.swikly.com\/#website\",\"url\":\"https:\/\/www.swikly.com\/\",\"name\":\"Swikly\",\"description\":\"La solution pour vos cautions, en ligne !\",\"publisher\":{\"@id\":\"https:\/\/www.swikly.com\/#organization\"},\"potentialAction\":[{\"@type\":\"SearchAction\",\"target\":{\"@type\":\"EntryPoint\",\"urlTemplate\":\"https:\/\/www.swikly.com\/?s={search_term_string}\"},\"query-input\":{\"@type\":\"PropertyValueSpecification\",\"valueRequired\":true,\"valueName\":\"search_term_string\"}}],\"inLanguage\":\"en-GB\"},{\"@type\":\"Organization\",\"@id\":\"https:\/\/www.swikly.com\/#organization\",\"name\":\"Swikly\",\"url\":\"https:\/\/www.swikly.com\/\",\"logo\":{\"@type\":\"ImageObject\",\"inLanguage\":\"en-GB\",\"@id\":\"https:\/\/www.swikly.com\/#\/schema\/logo\/image\/\",\"url\":\"https:\/\/www.swikly.com\/wp-content\/uploads\/2020\/02\/cropped-logo-swikly.png\",\"contentUrl\":\"https:\/\/www.swikly.com\/wp-content\/uploads\/2020\/02\/cropped-logo-swikly.png\",\"width\":1574,\"height\":250,\"caption\":\"Swikly\"},\"image\":{\"@id\":\"https:\/\/www.swikly.com\/#\/schema\/logo\/image\/\"},\"sameAs\":[\"https:\/\/www.facebook.com\/swikly\/\",\"https:\/\/x.com\/swikly_company\",\"https:\/\/www.linkedin.com\/company\/swikly\/\"]}]}<\/script>\n<!-- \/ Yoast SEO plugin. -->","yoast_head_json":{"title":"Nos Partenaires - Yaago - Swikly","robots":{"index":"index","follow":"follow","max-snippet":"max-snippet:-1","max-image-preview":"max-image-preview:large","max-video-preview":"max-video-preview:-1"},"canonical":"https:\/\/www.swikly.com\/en\/partners\/our-partners-yaago\/","og_locale":"en_GB","og_type":"article","og_title":"Nos Partenaires - Yaago - Swikly","og_description":"Yaago Que vous soyez une conciergerie, une agence de location saisonni\u00e8re ou un Property Manager, Yaago vous accompagne dans l\u2019apr\u00e8s-r\u00e9servation en optimisant votre gestion interne lors de la pr\u00e9paration de l\u2019accueil et en am\u00e9liorant l\u2019exp\u00e9rience client. Yaago vous permet d\u2019optimiser la gestion op\u00e9rationnelle de votre activit\u00e9 gr\u00e2ce \u00e0 ses nombreuses fonctionnalit\u00e9s, vous offre un confort [&hellip;]","og_url":"https:\/\/www.swikly.com\/en\/partners\/our-partners-yaago\/","og_site_name":"Swikly","article_publisher":"https:\/\/www.facebook.com\/swikly\/","article_modified_time":"2024-11-18T16:29:56+00:00","og_image":[{"url":"https:\/\/swiklywpstorage.blob.core.windows.net\/wp-media\/2023\/11\/Yaago.svg","type":"","width":"","height":""}],"twitter_card":"summary_large_image","twitter_site":"@swikly_company","twitter_misc":{"Estimated reading time":"2 minutes"},"schema":{"@context":"https:\/\/schema.org","@graph":[{"@type":"WebPage","@id":"https:\/\/www.swikly.com\/partenaires\/nos-partenaires-yaago\/","url":"https:\/\/www.swikly.com\/partenaires\/nos-partenaires-yaago\/","name":"Nos Partenaires - Yaago - Swikly","isPartOf":{"@id":"https:\/\/www.swikly.com\/#website"},"primaryImageOfPage":{"@id":"https:\/\/www.swikly.com\/partenaires\/nos-partenaires-yaago\/#primaryimage"},"image":{"@id":"https:\/\/www.swikly.com\/partenaires\/nos-partenaires-yaago\/#primaryimage"},"thumbnailUrl":"https:\/\/swiklywpstorage.blob.core.windows.net\/wp-media\/2023\/11\/Yaago.svg","datePublished":"2024-01-11T13:16:22+00:00","dateModified":"2024-11-18T16:29:56+00:00","breadcrumb":{"@id":"https:\/\/www.swikly.com\/partenaires\/nos-partenaires-yaago\/#breadcrumb"},"inLanguage":"en-GB","potentialAction":[{"@type":"ReadAction","target":["https:\/\/www.swikly.com\/partenaires\/nos-partenaires-yaago\/"]}]},{"@type":"ImageObject","inLanguage":"en-GB","@id":"https:\/\/www.swikly.com\/partenaires\/nos-partenaires-yaago\/#primaryimage","url":"https:\/\/swiklywpstorage.blob.core.windows.net\/wp-media\/2023\/11\/Yaago.svg","contentUrl":"https:\/\/swiklywpstorage.blob.core.windows.net\/wp-media\/2023\/11\/Yaago.svg"},{"@type":"BreadcrumbList","@id":"https:\/\/www.swikly.com\/partenaires\/nos-partenaires-yaago\/#breadcrumb","itemListElement":[{"@type":"ListItem","position":1,"name":"Accueil","item":"https:\/\/www.swikly.com\/"},{"@type":"ListItem","position":2,"name":"Partenaires","item":"https:\/\/www.swikly.com\/partenaires\/"},{"@type":"ListItem","position":3,"name":"Nos Partenaires &#8211; Yaago"}]},{"@type":"WebSite","@id":"https:\/\/www.swikly.com\/#website","url":"https:\/\/www.swikly.com\/","name":"Swikly","description":"La solution pour vos cautions, en ligne !","publisher":{"@id":"https:\/\/www.swikly.com\/#organization"},"potentialAction":[{"@type":"SearchAction","target":{"@type":"EntryPoint","urlTemplate":"https:\/\/www.swikly.com\/?s={search_term_string}"},"query-input":{"@type":"PropertyValueSpecification","valueRequired":true,"valueName":"search_term_string"}}],"inLanguage":"en-GB"},{"@type":"Organization","@id":"https:\/\/www.swikly.com\/#organization","name":"Swikly","url":"https:\/\/www.swikly.com\/","logo":{"@type":"ImageObject","inLanguage":"en-GB","@id":"https:\/\/www.swikly.com\/#\/schema\/logo\/image\/","url":"https:\/\/www.swikly.com\/wp-content\/uploads\/2020\/02\/cropped-logo-swikly.png","contentUrl":"https:\/\/www.swikly.com\/wp-content\/uploads\/2020\/02\/cropped-logo-swikly.png","width":1574,"height":250,"caption":"Swikly"},"image":{"@id":"https:\/\/www.swikly.com\/#\/schema\/logo\/image\/"},"sameAs":["https:\/\/www.facebook.com\/swikly\/","https:\/\/x.com\/swikly_company","https:\/\/www.linkedin.com\/company\/swikly\/"]}]}},"_links":{"self":[{"href":"https:\/\/www.swikly.com\/en\/wp-json\/wp\/v2\/pages\/9368"}],"collection":[{"href":"https:\/\/www.swikly.com\/en\/wp-json\/wp\/v2\/pages"}],"about":[{"href":"https:\/\/www.swikly.com\/en\/wp-json\/wp\/v2\/types\/page"}],"author":[{"embeddable":true,"href":"https:\/\/www.swikly.com\/en\/wp-json\/wp\/v2\/users\/990018"}],"replies":[{"embeddable":true,"href":"https:\/\/www.swikly.com\/en\/wp-json\/wp\/v2\/comments?post=9368"}],"version-history":[{"count":11,"href":"https:\/\/www.swikly.com\/en\/wp-json\/wp\/v2\/pages\/9368\/revisions"}],"predecessor-version":[{"id":12119,"href":"https:\/\/www.swikly.com\/en\/wp-json\/wp\/v2\/pages\/9368\/revisions\/12119"}],"up":[{"embeddable":true,"href":"https:\/\/www.swikly.com\/en\/wp-json\/wp\/v2\/pages\/5477"}],"wp:attachment":[{"href":"https:\/\/www.swikly.com\/en\/wp-json\/wp\/v2\/media?parent=9368"}],"curies":[{"name":"wp","href":"https:\/\/api.w.org\/{rel}","templated":true}]}}