{"id":7382,"date":"2022-12-05T17:41:58","date_gmt":"2022-12-05T16:41:58","guid":{"rendered":"https:\/\/www.swikly.com\/?page_id=7382"},"modified":"2022-12-05T17:55:28","modified_gmt":"2022-12-05T16:55:28","slug":"enova","status":"publish","type":"page","link":"https:\/\/www.swikly.com\/es\/contactar-con\/enova\/","title":{"rendered":"Reuni\u00f3n de Enova"},"content":{"rendered":"<div data-elementor-type=\"wp-page\" data-elementor-id=\"7382\" class=\"elementor elementor-7382\" data-elementor-post-type=\"page\">\n\t\t\t\t\t\t<section class=\"elementor-section elementor-top-section elementor-element elementor-element-a525ee1 elementor-section-height-min-height elementor-section-boxed elementor-section-height-default elementor-section-items-middle\" data-id=\"a525ee1\" data-element_type=\"section\" data-settings=\"{&quot;background_background&quot;:&quot;classic&quot;,&quot;shape_divider_bottom&quot;:&quot;tilt&quot;}\">\n\t\t\t\t\t\t\t<div class=\"elementor-background-overlay\"><\/div>\n\t\t\t\t\t\t<div class=\"elementor-shape elementor-shape-bottom\" data-negative=\"false\">\n\t\t\t<svg xmlns=\"http:\/\/www.w3.org\/2000\/svg\" viewbox=\"0 0 1000 100\" preserveaspectratio=\"none\">\n\t<path class=\"elementor-shape-fill\" d=\"M0,6V0h1000v100L0,6z\"\/>\n<\/svg>\t\t<\/div>\n\t\t\t\t\t<div class=\"elementor-container elementor-column-gap-default\">\n\t\t\t\t\t<div class=\"elementor-column elementor-col-100 elementor-top-column elementor-element elementor-element-2d00ff4\" data-id=\"2d00ff4\" data-element_type=\"column\" data-settings=\"{&quot;background_background&quot;:&quot;classic&quot;}\">\n\t\t\t<div class=\"elementor-widget-wrap elementor-element-populated\">\n\t\t\t\t\t\t<div class=\"elementor-element elementor-element-c931bc8 elementor-widget elementor-widget-heading\" data-id=\"c931bc8\" data-element_type=\"widget\" data-widget_type=\"heading.default\">\n\t\t\t\t<div class=\"elementor-widget-container\">\n\t\t\t<h2 class=\"elementor-heading-title elementor-size-default\">Contacte con el equipo de ventas<\/h2>\t\t<\/div>\n\t\t\t\t<\/div>\n\t\t\t\t<div class=\"elementor-element elementor-element-8a5b3cd elementor-widget elementor-widget-text-editor\" data-id=\"8a5b3cd\" data-element_type=\"widget\" data-widget_type=\"text-editor.default\">\n\t\t\t\t<div class=\"elementor-widget-container\">\n\t\t\t\t\t\t\t<p>Responder a estas preguntas nos permitir\u00e1 ponerle en contacto con una persona de contacto especializada.<\/p>\t\t\t\t\t\t<\/div>\n\t\t\t\t<\/div>\n\t\t\t\t<div class=\"elementor-element elementor-element-323b50e elementor-widget elementor-widget-wpforms\" data-id=\"323b50e\" data-element_type=\"widget\" data-widget_type=\"wpforms.default\">\n\t\t\t\t<div class=\"elementor-widget-container\">\n\t\t\t<style id=\"wpforms-css-vars-elementor-widget-323b50e\">\n\t\t\t\t.elementor-widget-wpforms.elementor-element-323b50e {\n\t\t\t\t--wpforms-field-size-input-height: 43px;\n--wpforms-field-size-input-spacing: 15px;\n--wpforms-field-size-font-size: 16px;\n--wpforms-field-size-line-height: 19px;\n--wpforms-field-size-padding-h: 14px;\n--wpforms-field-size-checkbox-size: 16px;\n--wpforms-field-size-sublabel-spacing: 5px;\n--wpforms-field-size-icon-size: 1;\n--wpforms-label-size-font-size: 16px;\n--wpforms-label-size-line-height: 19px;\n--wpforms-label-size-sublabel-font-size: 14px;\n--wpforms-label-size-sublabel-line-height: 17px;\n--wpforms-button-size-font-size: 17px;\n--wpforms-button-size-height: 41px;\n--wpforms-button-size-padding-h: 15px;\n--wpforms-button-size-margin-top: 10px;\n\n\t\t\t}\n\t\t\t<\/style><div class=\"wpforms-container wpforms-container-full wpforms-render-modern\" id=\"wpforms-7407\"><form id=\"wpforms-form-7407\" class=\"wpforms-validate wpforms-form wpforms-ajax-form\" data-formid=\"7407\" method=\"post\" enctype=\"multipart\/form-data\" action=\"\/es\/wp-json\/wp\/v2\/pages\/7382\" data-token=\"ea4b4fdf236c90a040498992b5c0859b\" data-token-time=\"1777079490\" data-trp-original-action=\"\/es\/wp-json\/wp\/v2\/pages\/7382\"><noscript class=\"wpforms-error-noscript\">Por favor, active JavaScript en su navegador para completar este formulario.<\/noscript><div class=\"wpforms-hidden\" id=\"wpforms-error-noscript\">Por favor, active JavaScript en su navegador para completar este formulario.<\/div><div class=\"wpforms-field-container\"><div id=\"wpforms-7407-field_3-container\" class=\"wpforms-field wpforms-field-select wpforms-field-select-style-classic\" data-field-id=\"3\"><label class=\"wpforms-field-label\" for=\"wpforms-7407-field_3\">\u00bfEn qu\u00e9 departamento trabaja? <span class=\"wpforms-required-label\" aria-hidden=\"true\">*<\/span><\/label><select id=\"wpforms-7407-field_3\" class=\"wpforms-field-medium wpforms-field-required\" name=\"wpforms[fields][3]\" required=\"required\"><option value=\"1 - Ain\" >1 - Ain<\/option><option value=\"2 - Aisne\" >2 - Aisne<\/option><option value=\"3 - Allier\" >3 - Allier<\/option><option value=\"4 - Alpes-de-Haute-Provence\" >4 - Alpes de Alta Provenza<\/option><option value=\"5 - Hautes-Alpes\" >5 - Hautes-Alpes<\/option><option value=\"6 - Alpes-Maritimes\" >6 - Alpes Mar\u00edtimos<\/option><option value=\"7 - Ard\u00e8che\" >7 - Ard\u00e8che<\/option><option value=\"8 - Ardennes\" >8 - Ardenas<\/option><option value=\"9 - Ari\u00e8ge\" >9 - Ariege<\/option><option value=\"10 - Aube\" >10 - Aube<\/option><option value=\"11 - Aude\" >11 - Aude<\/option><option value=\"12 - Aveyron\" >12 - Aveyron<\/option><option value=\"13 - Bouches-du-Rh\u00f4ne\" >13 - Bouches-du-Rh\u00f4ne<\/option><option value=\"14 - Calvados\" >14 - Calvados<\/option><option value=\"15 - Cantal\" >15 - Cantal<\/option><option value=\"16 - Charente\" >16 - Charente<\/option><option value=\"17 - Charente-Maritime\" >17 - Charente-Maritime<\/option><option value=\"18 - Cher\" >18 - Cher<\/option><option value=\"19 - Corr\u00e8ze\" >19 - Corr\u00e8ze<\/option><option value=\"2A - Corse-du-Sud\" >2A - C\u00f3rcega del Sur<\/option><option value=\"2B - Haute-Corse\" >2B - Haute-Corse<\/option><option value=\"21 - C\u00f4te-d&#039;Or\" >21 - C\u00f4te-d&#039;Or<\/option><option value=\"22 - C\u00f4tes d&#039;Armor\" >22 - C\u00f4tes d&#039;Armor<\/option><option value=\"23 - Creuse\" >23 - Creuse<\/option><option value=\"24 - Dordogne\" >24 - Dordogne<\/option><option value=\"25 - Doubs\" >25 - Doubs<\/option><option value=\"26 - Dr\u00f4me\" >26 - Dr\u00f4me<\/option><option value=\"27 - Eure\" >27 - Eure<\/option><option value=\"28 - Eure-et-Loir\" >28 - Eure-et-Loir<\/option><option value=\"29 - Finist\u00e8re\" >29 - Finisterre<\/option><option value=\"30 - Gard\" >30 - Gard<\/option><option value=\"31 - Haute-Garonne\" >31 - Alto Garona<\/option><option value=\"32 - Gers\" >32 - Gers<\/option><option value=\"33 - Gironde\" >33 - Gironda<\/option><option value=\"34 - H\u00e9rault\" >34 - H\u00e9rault<\/option><option value=\"35 - Ille-et-Vilaine\" >35 - Ille-et-Vilaine<\/option><option value=\"36 - Indre\" >36 - Indre<\/option><option value=\"37 - Indre-et-Loire\" >37 - Indre-et-Loire<\/option><option value=\"38 - Is\u00e8re\" >38 - Is\u00e8re<\/option><option value=\"39 - Jura\" >39 - Jura<\/option><option value=\"40 - Landes\" >40 - Landas<\/option><option value=\"41 - Loir-et-Cher\" >41 - Loir-et-Cher<\/option><option value=\"42 - Loire\" >42 - Loira<\/option><option value=\"43 - Haute-Loire\" >43 - Alto Loira<\/option><option value=\"44 - Loire-Atlantique\" >44 - Loira-Atl\u00e1ntico<\/option><option value=\"45 - Loiret\" >45 - Loiret<\/option><option value=\"46 - Lot\" >46 - Lote<\/option><option value=\"47 - Lot-et-Garonne\" >47 - Lot-et-Garonne<\/option><option value=\"48 - Loz\u00e8re\" >48 - Loz\u00e8re<\/option><option value=\"49 - Maine-et-Loire\" >49 - Maine-et-Loire<\/option><option value=\"50 - Manche\" >50 - Manche<\/option><option value=\"51 - Marne\" >51 - Marne<\/option><option value=\"52 - Haute-Marne\" >52 - Haute-Marne<\/option><option value=\"53 - Mayenne\" >53 - Mayenne<\/option><option value=\"54 - Meurthe-et-Moselle\" >54 - Meurthe-et-Moselle<\/option><option value=\"55 - Meuse\" >55 - Mosa<\/option><option value=\"56 - Morbihan\" >56 - Morbihan<\/option><option value=\"57 - Moselle\" >57 - Mosela<\/option><option value=\"58 - Ni\u00e8vre\" >58 - Ni\u00e8vre<\/option><option value=\"59 - Nord\" >59 - Norte<\/option><option value=\"60 - Oise\" >60 - Oise<\/option><option value=\"61 - Orne\" >61 - Orne<\/option><option value=\"62 - Pas-de-Calais\" >62 - Pas-de-Calais<\/option><option value=\"63 - Puy-de-D\u00f4me\" >63 - Puy-de-D\u00f4me<\/option><option value=\"64 - Pyr\u00e9n\u00e9es-Atlantiques\" >64 - Pirineos Atl\u00e1nticos<\/option><option value=\"65 - Hautes-Pyr\u00e9n\u00e9es\" >65 - Altos Pirineos<\/option><option value=\"66 - Pyr\u00e9n\u00e9es-Orientales\" >66 - Pirineos Orientales<\/option><option value=\"67 - Bas-Rhin\" >67 - Bajo Rin<\/option><option value=\"68 - Haut-Rhin\" >68 - Haut-Rhin<\/option><option value=\"69 - Rh\u00f4ne\" >69 - R\u00f3dano<\/option><option value=\"70 - Haute-Sa\u00f4ne\" >70 - Haute-Sa\u00f4ne<\/option><option value=\"71 - Sa\u00f4ne-et-Loire\" >71 - Sa\u00f4ne-et-Loire<\/option><option value=\"72 - Sarthe\" >72 - Sarthe<\/option><option value=\"73 - Savoie\" >73 - Savoie<\/option><option value=\"74 - Haute-Savoie\" >74 - Alta Saboya<\/option><option value=\"75 - Paris\" >75 - Par\u00eds<\/option><option value=\"76 - Seine-Maritime\" >76 - Seine-Maritime<\/option><option value=\"77 - Seine-et-Marne\" >77 - Seine-et-Marne<\/option><option value=\"78 - Yvelines\" >78 - Yvelines<\/option><option value=\"79 - Deux-S\u00e8vres\" >79 - Deux-S\u00e8vres<\/option><option value=\"80 - Somme\" >80 - Somme<\/option><option value=\"81 - Tarn\" >81 - Tarn<\/option><option value=\"82 - Tarn-et-Garonne\" >82 - Tarn-et-Garonne<\/option><option value=\"83 - Var\" >83 - Var<\/option><option value=\"84 - Vaucluse\" >84 - Vaucluse<\/option><option value=\"85 - Vend\u00e9e\" >85 - Vend\u00e9e<\/option><option value=\"86 - Vienne\" >86 - Viena<\/option><option value=\"87 - Haute-Vienne\" >87 - Haute-Vienne<\/option><option value=\"88 - Vosges\" >88 - Vosgos<\/option><option value=\"89 - Yonne\" >89 - Yonne<\/option><option value=\"90 - Territoire de Belfort\" >90 - Territorio de Belfort<\/option><option value=\"91 - Essonne\" >91 - Essonne<\/option><option value=\"92 - Hauts-de-Seine\" >92 - Hauts-de-Seine<\/option><option value=\"93 - Seine-St-Denis\" >93 - Seine-St-Denis<\/option><option value=\"94 - Val-de-Marne\" >94 - Val-de-Marne<\/option><option value=\"95 - Val-D&#039;Oise\" >95 - Val-D&#039;Oise<\/option><option value=\"971 - Guadeloupe\" >971 - Guadalupe<\/option><option value=\"972 - Martinique\" >972 - Martinica<\/option><option value=\"973 - Guyane\" >973 - Guyana<\/option><option value=\"974 - La R\u00e9union\" >974 - Isla de la Reuni\u00f3n<\/option><option value=\"976 - Mayotte\" >976 - Mayotte<\/option><\/select><\/div><\/div><!-- .wpforms-field-container --><div class=\"wpforms-recaptcha-container wpforms-is-recaptcha wpforms-is-recaptcha-type-v2\" ><div class=\"g-recaptcha\" data-sitekey=\"6Ldh_U4jAAAAAGwa3n_TB7ncpEUdQmeeMJezQ3SV\"><\/div><input type=\"text\" name=\"g-recaptcha-hidden\" class=\"wpforms-recaptcha-hidden\" style=\"position:absolute!important;clip:rect(0,0,0,0)!important;height:1px!important;width:1px!important;border:0!important;overflow:hidden!important;padding:0!important;margin:0!important;\" data-rule-recaptcha=\"1\"><\/div><div class=\"wpforms-submit-container\" ><input type=\"hidden\" name=\"wpforms[id]\" value=\"7407\"><input type=\"hidden\" name=\"page_title\" value=\"\"><input type=\"hidden\" name=\"page_url\" value=\"https:\/\/www.swikly.com\/es\/wp-json\/wp\/v2\/pages\/7382\"><input type=\"hidden\" name=\"url_referer\" value=\"\"><button type=\"submit\" name=\"wpforms[submit]\" id=\"wpforms-submit-7407\" class=\"wpforms-submit\" data-alt-text=\"Envoi...\" data-submit-text=\"Je prends rendez-vous\" aria-live=\"assertive\" value=\"wpforms-submit\">Pido una cita<\/button><img decoding=\"async\" src=\"https:\/\/www.swikly.com\/wp-content\/plugins\/wpforms\/assets\/images\/submit-spin.svg\" class=\"wpforms-submit-spinner\" style=\"display: none;\" width=\"26\" height=\"26\" alt=\"Cargando\"><\/div><input type=\"hidden\" name=\"trp-form-language\" value=\"es\"\/><\/form><\/div>  <!-- .wpforms-container -->\t\t<\/div>\n\t\t\t\t<\/div>\n\t\t\t\t\t<\/div>\n\t\t<\/div>\n\t\t\t\t\t<\/div>\n\t\t<\/section>\n\t\t\t\t<\/div>","protected":false},"excerpt":{"rendered":"<p>Contactar con el equipo de ventas Respondiendo a estas preguntas se pondr\u00e1 en contacto con una persona de contacto dedicada.<\/p>","protected":false},"author":990011,"featured_media":0,"parent":6961,"menu_order":0,"comment_status":"closed","ping_status":"closed","template":"","meta":{"content-type":"","_mo_disable_npp":"","_monsterinsights_skip_tracking":false,"_monsterinsights_sitenote_active":false,"_monsterinsights_sitenote_note":"","_monsterinsights_sitenote_category":0,"footnotes":""},"class_list":["post-7382","page","type-page","status-publish","hentry"],"yoast_head":"<!-- This site is optimized with the Yoast SEO plugin v24.6 - https:\/\/yoast.com\/wordpress\/plugins\/seo\/ -->\n<title>RDV Enova - Swikly<\/title>\n<meta name=\"robots\" content=\"index, follow, max-snippet:-1, max-image-preview:large, max-video-preview:-1\" \/>\n<link rel=\"canonical\" href=\"https:\/\/www.swikly.com\/es\/contactar-con\/enova\/\" \/>\n<meta property=\"og:locale\" content=\"es_ES\" \/>\n<meta property=\"og:type\" content=\"article\" \/>\n<meta property=\"og:title\" content=\"RDV Enova - Swikly\" \/>\n<meta property=\"og:description\" content=\"Contacter l&rsquo;\u00e9quipe commerciale R\u00e9pondre \u00e0 ces questions nous permettra de vous mettre en relation avec un interlocuteur d\u00e9di\u00e9.\" \/>\n<meta property=\"og:url\" content=\"https:\/\/www.swikly.com\/es\/contactar-con\/enova\/\" \/>\n<meta property=\"og:site_name\" content=\"Swikly\" \/>\n<meta property=\"article:publisher\" content=\"https:\/\/www.facebook.com\/swikly\/\" \/>\n<meta property=\"article:modified_time\" content=\"2022-12-05T16:55:28+00:00\" \/>\n<meta name=\"twitter:card\" content=\"summary_large_image\" \/>\n<meta name=\"twitter:site\" content=\"@swikly_company\" \/>\n<meta name=\"twitter:label1\" content=\"Tiempo de lectura\" \/>\n\t<meta name=\"twitter:data1\" content=\"2 minutos\" \/>\n<script type=\"application\/ld+json\" class=\"yoast-schema-graph\">{\"@context\":\"https:\/\/schema.org\",\"@graph\":[{\"@type\":\"WebPage\",\"@id\":\"https:\/\/www.swikly.com\/contact\/enova\/\",\"url\":\"https:\/\/www.swikly.com\/contact\/enova\/\",\"name\":\"RDV Enova - Swikly\",\"isPartOf\":{\"@id\":\"https:\/\/www.swikly.com\/#website\"},\"datePublished\":\"2022-12-05T16:41:58+00:00\",\"dateModified\":\"2022-12-05T16:55:28+00:00\",\"breadcrumb\":{\"@id\":\"https:\/\/www.swikly.com\/contact\/enova\/#breadcrumb\"},\"inLanguage\":\"es\",\"potentialAction\":[{\"@type\":\"ReadAction\",\"target\":[\"https:\/\/www.swikly.com\/contact\/enova\/\"]}]},{\"@type\":\"BreadcrumbList\",\"@id\":\"https:\/\/www.swikly.com\/contact\/enova\/#breadcrumb\",\"itemListElement\":[{\"@type\":\"ListItem\",\"position\":1,\"name\":\"Accueil\",\"item\":\"https:\/\/www.swikly.com\/\"},{\"@type\":\"ListItem\",\"position\":2,\"name\":\"Contact\",\"item\":\"https:\/\/www.swikly.com\/contact\/\"},{\"@type\":\"ListItem\",\"position\":3,\"name\":\"RDV Enova\"}]},{\"@type\":\"WebSite\",\"@id\":\"https:\/\/www.swikly.com\/#website\",\"url\":\"https:\/\/www.swikly.com\/\",\"name\":\"Swikly\",\"description\":\"La solution pour vos cautions, en ligne !\",\"publisher\":{\"@id\":\"https:\/\/www.swikly.com\/#organization\"},\"potentialAction\":[{\"@type\":\"SearchAction\",\"target\":{\"@type\":\"EntryPoint\",\"urlTemplate\":\"https:\/\/www.swikly.com\/?s={search_term_string}\"},\"query-input\":{\"@type\":\"PropertyValueSpecification\",\"valueRequired\":true,\"valueName\":\"search_term_string\"}}],\"inLanguage\":\"es\"},{\"@type\":\"Organization\",\"@id\":\"https:\/\/www.swikly.com\/#organization\",\"name\":\"Swikly\",\"url\":\"https:\/\/www.swikly.com\/\",\"logo\":{\"@type\":\"ImageObject\",\"inLanguage\":\"es\",\"@id\":\"https:\/\/www.swikly.com\/#\/schema\/logo\/image\/\",\"url\":\"https:\/\/www.swikly.com\/wp-content\/uploads\/2020\/02\/cropped-logo-swikly.png\",\"contentUrl\":\"https:\/\/www.swikly.com\/wp-content\/uploads\/2020\/02\/cropped-logo-swikly.png\",\"width\":1574,\"height\":250,\"caption\":\"Swikly\"},\"image\":{\"@id\":\"https:\/\/www.swikly.com\/#\/schema\/logo\/image\/\"},\"sameAs\":[\"https:\/\/www.facebook.com\/swikly\/\",\"https:\/\/x.com\/swikly_company\",\"https:\/\/www.linkedin.com\/company\/swikly\/\"]}]}<\/script>\n<!-- \/ Yoast SEO plugin. -->","yoast_head_json":{"title":"RDV Enova - Swikly","robots":{"index":"index","follow":"follow","max-snippet":"max-snippet:-1","max-image-preview":"max-image-preview:large","max-video-preview":"max-video-preview:-1"},"canonical":"https:\/\/www.swikly.com\/es\/contactar-con\/enova\/","og_locale":"es_ES","og_type":"article","og_title":"RDV Enova - Swikly","og_description":"Contacter l&rsquo;\u00e9quipe commerciale R\u00e9pondre \u00e0 ces questions nous permettra de vous mettre en relation avec un interlocuteur d\u00e9di\u00e9.","og_url":"https:\/\/www.swikly.com\/es\/contactar-con\/enova\/","og_site_name":"Swikly","article_publisher":"https:\/\/www.facebook.com\/swikly\/","article_modified_time":"2022-12-05T16:55:28+00:00","twitter_card":"summary_large_image","twitter_site":"@swikly_company","twitter_misc":{"Tiempo de lectura":"2 minutos"},"schema":{"@context":"https:\/\/schema.org","@graph":[{"@type":"WebPage","@id":"https:\/\/www.swikly.com\/contact\/enova\/","url":"https:\/\/www.swikly.com\/contact\/enova\/","name":"RDV Enova - Swikly","isPartOf":{"@id":"https:\/\/www.swikly.com\/#website"},"datePublished":"2022-12-05T16:41:58+00:00","dateModified":"2022-12-05T16:55:28+00:00","breadcrumb":{"@id":"https:\/\/www.swikly.com\/contact\/enova\/#breadcrumb"},"inLanguage":"es","potentialAction":[{"@type":"ReadAction","target":["https:\/\/www.swikly.com\/contact\/enova\/"]}]},{"@type":"BreadcrumbList","@id":"https:\/\/www.swikly.com\/contact\/enova\/#breadcrumb","itemListElement":[{"@type":"ListItem","position":1,"name":"Accueil","item":"https:\/\/www.swikly.com\/"},{"@type":"ListItem","position":2,"name":"Contact","item":"https:\/\/www.swikly.com\/contact\/"},{"@type":"ListItem","position":3,"name":"RDV Enova"}]},{"@type":"WebSite","@id":"https:\/\/www.swikly.com\/#website","url":"https:\/\/www.swikly.com\/","name":"Swikly","description":"La solution pour vos cautions, en ligne !","publisher":{"@id":"https:\/\/www.swikly.com\/#organization"},"potentialAction":[{"@type":"SearchAction","target":{"@type":"EntryPoint","urlTemplate":"https:\/\/www.swikly.com\/?s={search_term_string}"},"query-input":{"@type":"PropertyValueSpecification","valueRequired":true,"valueName":"search_term_string"}}],"inLanguage":"es"},{"@type":"Organization","@id":"https:\/\/www.swikly.com\/#organization","name":"Swikly","url":"https:\/\/www.swikly.com\/","logo":{"@type":"ImageObject","inLanguage":"es","@id":"https:\/\/www.swikly.com\/#\/schema\/logo\/image\/","url":"https:\/\/www.swikly.com\/wp-content\/uploads\/2020\/02\/cropped-logo-swikly.png","contentUrl":"https:\/\/www.swikly.com\/wp-content\/uploads\/2020\/02\/cropped-logo-swikly.png","width":1574,"height":250,"caption":"Swikly"},"image":{"@id":"https:\/\/www.swikly.com\/#\/schema\/logo\/image\/"},"sameAs":["https:\/\/www.facebook.com\/swikly\/","https:\/\/x.com\/swikly_company","https:\/\/www.linkedin.com\/company\/swikly\/"]}]}},"_links":{"self":[{"href":"https:\/\/www.swikly.com\/es\/wp-json\/wp\/v2\/pages\/7382"}],"collection":[{"href":"https:\/\/www.swikly.com\/es\/wp-json\/wp\/v2\/pages"}],"about":[{"href":"https:\/\/www.swikly.com\/es\/wp-json\/wp\/v2\/types\/page"}],"author":[{"embeddable":true,"href":"https:\/\/www.swikly.com\/es\/wp-json\/wp\/v2\/users\/990011"}],"replies":[{"embeddable":true,"href":"https:\/\/www.swikly.com\/es\/wp-json\/wp\/v2\/comments?post=7382"}],"version-history":[{"count":10,"href":"https:\/\/www.swikly.com\/es\/wp-json\/wp\/v2\/pages\/7382\/revisions"}],"predecessor-version":[{"id":7415,"href":"https:\/\/www.swikly.com\/es\/wp-json\/wp\/v2\/pages\/7382\/revisions\/7415"}],"up":[{"embeddable":true,"href":"https:\/\/www.swikly.com\/es\/wp-json\/wp\/v2\/pages\/6961"}],"wp:attachment":[{"href":"https:\/\/www.swikly.com\/es\/wp-json\/wp\/v2\/media?parent=7382"}],"curies":[{"name":"wp","href":"https:\/\/api.w.org\/{rel}","templated":true}]}}