{"id":9321,"date":"2024-01-10T14:09:35","date_gmt":"2024-01-10T13:09:35","guid":{"rendered":"https:\/\/www.swikly.com\/?page_id=9321"},"modified":"2024-05-31T16:20:36","modified_gmt":"2024-05-31T14:20:36","slug":"nos-partenaires-maxxton","status":"publish","type":"page","link":"https:\/\/www.swikly.com\/es\/socios\/nuestros-socios-maxxton\/","title":{"rendered":"Nuestros socios - Maxxton"},"content":{"rendered":"<div data-elementor-type=\"wp-page\" data-elementor-id=\"9321\" class=\"elementor elementor-9321\" data-elementor-post-type=\"page\">\n\t\t\t\t\t\t<section class=\"elementor-section elementor-top-section elementor-element elementor-element-feb92f8 elementor-section-full_width elementor-section-height-default elementor-section-height-default\" data-id=\"feb92f8\" data-element_type=\"section\" data-settings=\"{&quot;background_background&quot;:&quot;classic&quot;}\">\n\t\t\t\t\t\t<div class=\"elementor-container elementor-column-gap-default\">\n\t\t\t\t\t<div class=\"elementor-column elementor-col-100 elementor-top-column elementor-element elementor-element-933f298\" data-id=\"933f298\" data-element_type=\"column\">\n\t\t\t<div class=\"elementor-widget-wrap elementor-element-populated\">\n\t\t\t\t\t\t<div class=\"elementor-element elementor-element-ab7038c elementor-widget elementor-widget-template\" data-id=\"ab7038c\" data-element_type=\"widget\" data-widget_type=\"template.default\">\n\t\t\t\t<div class=\"elementor-widget-container\">\n\t\t\t\t\t<div class=\"elementor-template\">\n\t\t\t\t\t<div data-elementor-type=\"section\" data-elementor-id=\"9104\" class=\"elementor elementor-9104\" data-elementor-post-type=\"elementor_library\">\n\t\t\t\t\t<section class=\"elementor-section elementor-top-section elementor-element elementor-element-7447bc7 elementor-section-height-min-height elementor-section-boxed elementor-section-height-default elementor-section-items-middle\" data-id=\"7447bc7\" data-element_type=\"section\" data-settings=\"{&quot;background_background&quot;:&quot;classic&quot;}\">\n\t\t\t\t\t\t<div class=\"elementor-container elementor-column-gap-default\">\n\t\t\t\t\t<div class=\"elementor-column elementor-col-50 elementor-top-column elementor-element elementor-element-d77f3c1\" data-id=\"d77f3c1\" data-element_type=\"column\">\n\t\t\t<div class=\"elementor-widget-wrap elementor-element-populated\">\n\t\t\t\t\t\t<div class=\"elementor-element elementor-element-ae63721 elementor-widget elementor-widget-heading\" data-id=\"ae63721\" data-element_type=\"widget\" data-widget_type=\"heading.default\">\n\t\t\t\t<div class=\"elementor-widget-container\">\n\t\t\t<h1 class=\"elementor-heading-title elementor-size-default\">Swikly se conecta <b>a sus herramientas<\/b><\/h1>\t\t<\/div>\n\t\t\t\t<\/div>\n\t\t\t\t<div class=\"elementor-element elementor-element-ba9aa98 elementor-widget elementor-widget-heading\" data-id=\"ba9aa98\" data-element_type=\"widget\" data-widget_type=\"heading.default\">\n\t\t\t\t<div class=\"elementor-widget-container\">\n\t\t\t<p class=\"elementor-heading-title elementor-size-default\">\u00bfUtiliza un PMS, un gestor de canales o un sistema de gesti\u00f3n ERP? <br><br>Descubra en qu\u00e9 herramientas se integra Swikly para automatizar sus solicitudes de garant\u00eda.<\/p>\t\t<\/div>\n\t\t\t\t<\/div>\n\t\t\t\t<div class=\"elementor-element elementor-element-e8f5cff elementor-align-left elementor-mobile-align-justify elementor-widget-mobile__width-inherit elementor-widget__width-auto elementor-widget elementor-widget-button\" data-id=\"e8f5cff\" data-element_type=\"widget\" data-widget_type=\"button.default\">\n\t\t\t\t<div class=\"elementor-widget-container\">\n\t\t\t\t\t<div class=\"elementor-button-wrapper\">\n\t\t\t<a class=\"elementor-button elementor-button-link elementor-size-md\" href=\"https:\/\/app.swikly.com\/views\/signup.php\" target=\"_blank\">\n\t\t\t\t\t\t<span class=\"elementor-button-content-wrapper\">\n\t\t\t\t\t\t\t\t\t<span class=\"elementor-button-text\">Abrir una cuenta gratuita<\/span>\n\t\t\t\t\t<\/span>\n\t\t\t\t\t<\/a>\n\t\t<\/div>\n\t\t\t\t<\/div>\n\t\t\t\t<\/div>\n\t\t\t\t<div class=\"elementor-element elementor-element-cbf1ef3 elementor-align-left elementor-mobile-align-justify elementor-widget-mobile__width-inherit elementor-widget__width-auto elementor-widget elementor-widget-button\" data-id=\"cbf1ef3\" data-element_type=\"widget\" data-widget_type=\"button.default\">\n\t\t\t\t<div class=\"elementor-widget-container\">\n\t\t\t\t\t<div class=\"elementor-button-wrapper\">\n\t\t\t<a class=\"elementor-button elementor-button-link elementor-size-md\" href=\"https:\/\/www.swikly.com\/es\/contactar-con\/?campaign=\">\n\t\t\t\t\t\t<span class=\"elementor-button-content-wrapper\">\n\t\t\t\t\t\t\t\t\t<span class=\"elementor-button-text\">Contacte con el equipo de ventas<\/span>\n\t\t\t\t\t<\/span>\n\t\t\t\t\t<\/a>\n\t\t<\/div>\n\t\t\t\t<\/div>\n\t\t\t\t<\/div>\n\t\t\t\t\t<\/div>\n\t\t<\/div>\n\t\t\t\t<div class=\"elementor-column elementor-col-50 elementor-top-column elementor-element elementor-element-2ecf2c1\" data-id=\"2ecf2c1\" data-element_type=\"column\">\n\t\t\t<div class=\"elementor-widget-wrap elementor-element-populated\">\n\t\t\t\t\t\t<div class=\"elementor-element elementor-element-a8f95de elementor-widget elementor-widget-image\" data-id=\"a8f95de\" data-element_type=\"widget\" data-widget_type=\"image.default\">\n\t\t\t\t<div class=\"elementor-widget-container\">\n\t\t\t\t\t\t\t\t\t\t\t\t\t<img decoding=\"async\" src=\"https:\/\/swiklywpstorage.blob.core.windows.net\/wp-media\/2024\/04\/Design-sans-titre-2-1.gif\" title=\"Socios de integraci\u00f3n de Swikly\" alt=\"integraciones swikly\" loading=\"lazy\" \/>\t\t\t\t\t\t\t\t\t\t\t\t\t<\/div>\n\t\t\t\t<\/div>\n\t\t\t\t\t<\/div>\n\t\t<\/div>\n\t\t\t\t\t<\/div>\n\t\t<\/section>\n\t\t\t\t<\/div>\n\t\t\t\t<\/div>\n\t\t\t\t<\/div>\n\t\t\t\t<\/div>\n\t\t\t\t\t<\/div>\n\t\t<\/div>\n\t\t\t\t\t<\/div>\n\t\t<\/section>\n\t\t\t\t<section class=\"elementor-section elementor-top-section elementor-element elementor-element-e599cfd elementor-section-height-min-height elementor-section-boxed elementor-section-height-default elementor-section-items-middle\" data-id=\"e599cfd\" data-element_type=\"section\">\n\t\t\t\t\t\t<div class=\"elementor-container elementor-column-gap-wider\">\n\t\t\t\t\t<div class=\"elementor-column elementor-col-50 elementor-top-column elementor-element elementor-element-8fb49d6\" data-id=\"8fb49d6\" data-element_type=\"column\">\n\t\t\t<div class=\"elementor-widget-wrap elementor-element-populated\">\n\t\t\t\t\t\t<div class=\"elementor-element elementor-element-531f7c1 elementor-widget elementor-widget-image\" data-id=\"531f7c1\" data-element_type=\"widget\" data-widget_type=\"image.default\">\n\t\t\t\t<div class=\"elementor-widget-container\">\n\t\t\t\t\t\t\t\t\t\t\t\t\t<img fetchpriority=\"high\" decoding=\"async\" width=\"800\" height=\"291\" src=\"https:\/\/swiklywpstorage.blob.core.windows.net\/wp-media\/2021\/11\/Fichier-39@4x.png\" class=\"attachment-large size-large wp-image-5534\" alt=\"Logotipo de Maxxton\" \/>\t\t\t\t\t\t\t\t\t\t\t\t\t<\/div>\n\t\t\t\t<\/div>\n\t\t\t\t\t<\/div>\n\t\t<\/div>\n\t\t\t\t<div class=\"elementor-column elementor-col-50 elementor-top-column elementor-element elementor-element-43405e6\" data-id=\"43405e6\" data-element_type=\"column\">\n\t\t\t<div class=\"elementor-widget-wrap elementor-element-populated\">\n\t\t\t\t\t\t<div class=\"elementor-element elementor-element-ab48c34 elementor-widget elementor-widget-heading\" data-id=\"ab48c34\" data-element_type=\"widget\" data-widget_type=\"heading.default\">\n\t\t\t\t<div class=\"elementor-widget-container\">\n\t\t\t<h2 class=\"elementor-heading-title elementor-size-default\">Maxxton<\/h2>\t\t<\/div>\n\t\t\t\t<\/div>\n\t\t\t\t<div class=\"elementor-element elementor-element-dd95901 elementor-widget elementor-widget-text-editor\" data-id=\"dd95901\" data-element_type=\"widget\" data-widget_type=\"text-editor.default\">\n\t\t\t\t<div class=\"elementor-widget-container\">\n\t\t\t\t\t\t\t<p>Con un historial probado de servicio a la industria del alojamiento en todo el mundo durante m\u00e1s de 20 a\u00f1os, Maxxton es el l\u00edder en software de gesti\u00f3n de alojamiento, y el \u00fanico de su clase.<\/p>\t\t\t\t\t\t<\/div>\n\t\t\t\t<\/div>\n\t\t\t\t<div class=\"elementor-element elementor-element-26d9444 elementor-align-center elementor-widget__width-auto elementor-mobile-align-justify elementor-widget-mobile__width-inherit elementor-widget elementor-widget-button\" data-id=\"26d9444\" data-element_type=\"widget\" data-widget_type=\"button.default\">\n\t\t\t\t<div class=\"elementor-widget-container\">\n\t\t\t\t\t<div class=\"elementor-button-wrapper\">\n\t\t\t<a class=\"elementor-button elementor-button-link elementor-size-md\" href=\"https:\/\/www.swikly.com\/es\/contactar-con\/?campaign=\">\n\t\t\t\t\t\t<span class=\"elementor-button-content-wrapper\">\n\t\t\t\t\t\t\t\t\t<span class=\"elementor-button-text\">Reservar una demostraci\u00f3n<\/span>\n\t\t\t\t\t<\/span>\n\t\t\t\t\t<\/a>\n\t\t<\/div>\n\t\t\t\t<\/div>\n\t\t\t\t<\/div>\n\t\t\t\t<div class=\"elementor-element elementor-element-f7c4e0e elementor-align-center elementor-widget__width-auto elementor-mobile-align-justify elementor-widget-mobile__width-inherit elementor-widget elementor-widget-button\" data-id=\"f7c4e0e\" data-element_type=\"widget\" data-widget_type=\"button.default\">\n\t\t\t\t<div class=\"elementor-widget-container\">\n\t\t\t\t\t<div class=\"elementor-button-wrapper\">\n\t\t\t<a class=\"elementor-button elementor-button-link elementor-size-md\" href=\"https:\/\/www.maxxton.com\/fr\/\">\n\t\t\t\t\t\t<span class=\"elementor-button-content-wrapper\">\n\t\t\t\t\t\t\t\t\t<span class=\"elementor-button-text\">Visite el sitio web del socio<\/span>\n\t\t\t\t\t<\/span>\n\t\t\t\t\t<\/a>\n\t\t<\/div>\n\t\t\t\t<\/div>\n\t\t\t\t<\/div>\n\t\t\t\t\t<\/div>\n\t\t<\/div>\n\t\t\t\t\t<\/div>\n\t\t<\/section>\n\t\t\t\t<\/div>","protected":false},"excerpt":{"rendered":"<p>Maxxton Con m\u00e1s de 20 a\u00f1os de s\u00f3lida y probada experiencia global al servicio de la industria del hosting, Maxxton es el l\u00edder en software de gesti\u00f3n de hosting, y el \u00fanico de su clase. Reserve una demostraci\u00f3n Visite el sitio del socio<\/p>","protected":false},"author":990018,"featured_media":0,"parent":5477,"menu_order":0,"comment_status":"closed","ping_status":"closed","template":"","meta":{"content-type":"","_mo_disable_npp":"","_monsterinsights_skip_tracking":false,"_monsterinsights_sitenote_active":false,"_monsterinsights_sitenote_note":"","_monsterinsights_sitenote_category":0,"footnotes":""},"class_list":["post-9321","page","type-page","status-publish","hentry"],"yoast_head":"<!-- This site is optimized with the Yoast SEO plugin v24.6 - https:\/\/yoast.com\/wordpress\/plugins\/seo\/ -->\n<title>Nos Partenaires - Maxxton - Swikly<\/title>\n<meta name=\"robots\" content=\"index, follow, max-snippet:-1, max-image-preview:large, max-video-preview:-1\" \/>\n<link rel=\"canonical\" href=\"https:\/\/www.swikly.com\/es\/socios\/nuestros-socios-maxxton\/\" \/>\n<meta property=\"og:locale\" content=\"es_ES\" \/>\n<meta property=\"og:type\" content=\"article\" \/>\n<meta property=\"og:title\" content=\"Nos Partenaires - Maxxton - Swikly\" \/>\n<meta property=\"og:description\" content=\"Maxxton Fort d\u2019une exp\u00e9rience mondiale solide et \u00e9prouv\u00e9e au service de l\u2019industrie d\u2019h\u00e9bergement depuis plus de 20 ans, Maxxton est le leader du logiciel de gestion pour l\u2019h\u00e9bergement, et unique en son genre. R\u00e9server une d\u00e9mo Visiter le site du partenaire\" \/>\n<meta property=\"og:url\" content=\"https:\/\/www.swikly.com\/es\/socios\/nuestros-socios-maxxton\/\" \/>\n<meta property=\"og:site_name\" content=\"Swikly\" \/>\n<meta property=\"article:publisher\" content=\"https:\/\/www.facebook.com\/swikly\/\" \/>\n<meta property=\"article:modified_time\" content=\"2024-05-31T14:20:36+00:00\" \/>\n<meta property=\"og:image\" content=\"https:\/\/swiklywpstorage.blob.core.windows.net\/wp-media\/2021\/11\/Fichier-39@4x.png\" \/>\n<meta name=\"twitter:card\" content=\"summary_large_image\" \/>\n<meta name=\"twitter:site\" content=\"@swikly_company\" \/>\n<meta name=\"twitter:label1\" content=\"Tiempo de lectura\" \/>\n\t<meta name=\"twitter:data1\" content=\"2 minutos\" \/>\n<script type=\"application\/ld+json\" class=\"yoast-schema-graph\">{\"@context\":\"https:\/\/schema.org\",\"@graph\":[{\"@type\":\"WebPage\",\"@id\":\"https:\/\/www.swikly.com\/partenaires\/nos-partenaires-maxxton\/\",\"url\":\"https:\/\/www.swikly.com\/partenaires\/nos-partenaires-maxxton\/\",\"name\":\"Nos Partenaires - Maxxton - Swikly\",\"isPartOf\":{\"@id\":\"https:\/\/www.swikly.com\/#website\"},\"primaryImageOfPage\":{\"@id\":\"https:\/\/www.swikly.com\/partenaires\/nos-partenaires-maxxton\/#primaryimage\"},\"image\":{\"@id\":\"https:\/\/www.swikly.com\/partenaires\/nos-partenaires-maxxton\/#primaryimage\"},\"thumbnailUrl\":\"https:\/\/swiklywpstorage.blob.core.windows.net\/wp-media\/2021\/11\/Fichier-39@4x.png\",\"datePublished\":\"2024-01-10T13:09:35+00:00\",\"dateModified\":\"2024-05-31T14:20:36+00:00\",\"breadcrumb\":{\"@id\":\"https:\/\/www.swikly.com\/partenaires\/nos-partenaires-maxxton\/#breadcrumb\"},\"inLanguage\":\"es\",\"potentialAction\":[{\"@type\":\"ReadAction\",\"target\":[\"https:\/\/www.swikly.com\/partenaires\/nos-partenaires-maxxton\/\"]}]},{\"@type\":\"ImageObject\",\"inLanguage\":\"es\",\"@id\":\"https:\/\/www.swikly.com\/partenaires\/nos-partenaires-maxxton\/#primaryimage\",\"url\":\"https:\/\/swiklywpstorage.blob.core.windows.net\/wp-media\/2021\/11\/Fichier-39@4x.png\",\"contentUrl\":\"https:\/\/swiklywpstorage.blob.core.windows.net\/wp-media\/2021\/11\/Fichier-39@4x.png\"},{\"@type\":\"BreadcrumbList\",\"@id\":\"https:\/\/www.swikly.com\/partenaires\/nos-partenaires-maxxton\/#breadcrumb\",\"itemListElement\":[{\"@type\":\"ListItem\",\"position\":1,\"name\":\"Accueil\",\"item\":\"https:\/\/www.swikly.com\/\"},{\"@type\":\"ListItem\",\"position\":2,\"name\":\"Partenaires\",\"item\":\"https:\/\/www.swikly.com\/partenaires\/\"},{\"@type\":\"ListItem\",\"position\":3,\"name\":\"Nos Partenaires &#8211; Maxxton\"}]},{\"@type\":\"WebSite\",\"@id\":\"https:\/\/www.swikly.com\/#website\",\"url\":\"https:\/\/www.swikly.com\/\",\"name\":\"Swikly\",\"description\":\"La solution pour vos cautions, en ligne !\",\"publisher\":{\"@id\":\"https:\/\/www.swikly.com\/#organization\"},\"potentialAction\":[{\"@type\":\"SearchAction\",\"target\":{\"@type\":\"EntryPoint\",\"urlTemplate\":\"https:\/\/www.swikly.com\/?s={search_term_string}\"},\"query-input\":{\"@type\":\"PropertyValueSpecification\",\"valueRequired\":true,\"valueName\":\"search_term_string\"}}],\"inLanguage\":\"es\"},{\"@type\":\"Organization\",\"@id\":\"https:\/\/www.swikly.com\/#organization\",\"name\":\"Swikly\",\"url\":\"https:\/\/www.swikly.com\/\",\"logo\":{\"@type\":\"ImageObject\",\"inLanguage\":\"es\",\"@id\":\"https:\/\/www.swikly.com\/#\/schema\/logo\/image\/\",\"url\":\"https:\/\/www.swikly.com\/wp-content\/uploads\/2020\/02\/cropped-logo-swikly.png\",\"contentUrl\":\"https:\/\/www.swikly.com\/wp-content\/uploads\/2020\/02\/cropped-logo-swikly.png\",\"width\":1574,\"height\":250,\"caption\":\"Swikly\"},\"image\":{\"@id\":\"https:\/\/www.swikly.com\/#\/schema\/logo\/image\/\"},\"sameAs\":[\"https:\/\/www.facebook.com\/swikly\/\",\"https:\/\/x.com\/swikly_company\",\"https:\/\/www.linkedin.com\/company\/swikly\/\"]}]}<\/script>\n<!-- \/ Yoast SEO plugin. -->","yoast_head_json":{"title":"Nos Partenaires - Maxxton - Swikly","robots":{"index":"index","follow":"follow","max-snippet":"max-snippet:-1","max-image-preview":"max-image-preview:large","max-video-preview":"max-video-preview:-1"},"canonical":"https:\/\/www.swikly.com\/es\/socios\/nuestros-socios-maxxton\/","og_locale":"es_ES","og_type":"article","og_title":"Nos Partenaires - Maxxton - Swikly","og_description":"Maxxton Fort d\u2019une exp\u00e9rience mondiale solide et \u00e9prouv\u00e9e au service de l\u2019industrie d\u2019h\u00e9bergement depuis plus de 20 ans, Maxxton est le leader du logiciel de gestion pour l\u2019h\u00e9bergement, et unique en son genre. R\u00e9server une d\u00e9mo Visiter le site du partenaire","og_url":"https:\/\/www.swikly.com\/es\/socios\/nuestros-socios-maxxton\/","og_site_name":"Swikly","article_publisher":"https:\/\/www.facebook.com\/swikly\/","article_modified_time":"2024-05-31T14:20:36+00:00","og_image":[{"url":"https:\/\/swiklywpstorage.blob.core.windows.net\/wp-media\/2021\/11\/Fichier-39@4x.png","type":"","width":"","height":""}],"twitter_card":"summary_large_image","twitter_site":"@swikly_company","twitter_misc":{"Tiempo de lectura":"2 minutos"},"schema":{"@context":"https:\/\/schema.org","@graph":[{"@type":"WebPage","@id":"https:\/\/www.swikly.com\/partenaires\/nos-partenaires-maxxton\/","url":"https:\/\/www.swikly.com\/partenaires\/nos-partenaires-maxxton\/","name":"Nos Partenaires - Maxxton - Swikly","isPartOf":{"@id":"https:\/\/www.swikly.com\/#website"},"primaryImageOfPage":{"@id":"https:\/\/www.swikly.com\/partenaires\/nos-partenaires-maxxton\/#primaryimage"},"image":{"@id":"https:\/\/www.swikly.com\/partenaires\/nos-partenaires-maxxton\/#primaryimage"},"thumbnailUrl":"https:\/\/swiklywpstorage.blob.core.windows.net\/wp-media\/2021\/11\/Fichier-39@4x.png","datePublished":"2024-01-10T13:09:35+00:00","dateModified":"2024-05-31T14:20:36+00:00","breadcrumb":{"@id":"https:\/\/www.swikly.com\/partenaires\/nos-partenaires-maxxton\/#breadcrumb"},"inLanguage":"es","potentialAction":[{"@type":"ReadAction","target":["https:\/\/www.swikly.com\/partenaires\/nos-partenaires-maxxton\/"]}]},{"@type":"ImageObject","inLanguage":"es","@id":"https:\/\/www.swikly.com\/partenaires\/nos-partenaires-maxxton\/#primaryimage","url":"https:\/\/swiklywpstorage.blob.core.windows.net\/wp-media\/2021\/11\/Fichier-39@4x.png","contentUrl":"https:\/\/swiklywpstorage.blob.core.windows.net\/wp-media\/2021\/11\/Fichier-39@4x.png"},{"@type":"BreadcrumbList","@id":"https:\/\/www.swikly.com\/partenaires\/nos-partenaires-maxxton\/#breadcrumb","itemListElement":[{"@type":"ListItem","position":1,"name":"Accueil","item":"https:\/\/www.swikly.com\/"},{"@type":"ListItem","position":2,"name":"Partenaires","item":"https:\/\/www.swikly.com\/partenaires\/"},{"@type":"ListItem","position":3,"name":"Nos Partenaires &#8211; Maxxton"}]},{"@type":"WebSite","@id":"https:\/\/www.swikly.com\/#website","url":"https:\/\/www.swikly.com\/","name":"Swikly","description":"La solution pour vos cautions, en ligne !","publisher":{"@id":"https:\/\/www.swikly.com\/#organization"},"potentialAction":[{"@type":"SearchAction","target":{"@type":"EntryPoint","urlTemplate":"https:\/\/www.swikly.com\/?s={search_term_string}"},"query-input":{"@type":"PropertyValueSpecification","valueRequired":true,"valueName":"search_term_string"}}],"inLanguage":"es"},{"@type":"Organization","@id":"https:\/\/www.swikly.com\/#organization","name":"Swikly","url":"https:\/\/www.swikly.com\/","logo":{"@type":"ImageObject","inLanguage":"es","@id":"https:\/\/www.swikly.com\/#\/schema\/logo\/image\/","url":"https:\/\/www.swikly.com\/wp-content\/uploads\/2020\/02\/cropped-logo-swikly.png","contentUrl":"https:\/\/www.swikly.com\/wp-content\/uploads\/2020\/02\/cropped-logo-swikly.png","width":1574,"height":250,"caption":"Swikly"},"image":{"@id":"https:\/\/www.swikly.com\/#\/schema\/logo\/image\/"},"sameAs":["https:\/\/www.facebook.com\/swikly\/","https:\/\/x.com\/swikly_company","https:\/\/www.linkedin.com\/company\/swikly\/"]}]}},"_links":{"self":[{"href":"https:\/\/www.swikly.com\/es\/wp-json\/wp\/v2\/pages\/9321"}],"collection":[{"href":"https:\/\/www.swikly.com\/es\/wp-json\/wp\/v2\/pages"}],"about":[{"href":"https:\/\/www.swikly.com\/es\/wp-json\/wp\/v2\/types\/page"}],"author":[{"embeddable":true,"href":"https:\/\/www.swikly.com\/es\/wp-json\/wp\/v2\/users\/990018"}],"replies":[{"embeddable":true,"href":"https:\/\/www.swikly.com\/es\/wp-json\/wp\/v2\/comments?post=9321"}],"version-history":[{"count":8,"href":"https:\/\/www.swikly.com\/es\/wp-json\/wp\/v2\/pages\/9321\/revisions"}],"predecessor-version":[{"id":10794,"href":"https:\/\/www.swikly.com\/es\/wp-json\/wp\/v2\/pages\/9321\/revisions\/10794"}],"up":[{"embeddable":true,"href":"https:\/\/www.swikly.com\/es\/wp-json\/wp\/v2\/pages\/5477"}],"wp:attachment":[{"href":"https:\/\/www.swikly.com\/es\/wp-json\/wp\/v2\/media?parent=9321"}],"curies":[{"name":"wp","href":"https:\/\/api.w.org\/{rel}","templated":true}]}}